{"id":18,"date":"2025-08-22T12:17:57","date_gmt":"2025-08-22T12:17:57","guid":{"rendered":"https:\/\/seniorenberatung.it\/wpsit\/?page_id=18"},"modified":"2026-04-07T09:57:47","modified_gmt":"2026-04-07T09:57:47","slug":"ablauf","status":"publish","type":"page","link":"https:\/\/seniorenberatung.it\/wpsit\/ablauf\/","title":{"rendered":"Ablauf"},"content":{"rendered":"<div class=\"et_pb_section_0 et_pb_section et_section_regular et_flex_section\">\n<div class=\"et_pb_row_0 et_pb_row et_flex_row\">\n<div class=\"et_pb_column_0 et_pb_column et-last-child et_flex_column et_pb_css_mix_blend_mode_passthrough et_flex_column_24_24 et_flex_column_24_24_tablet et_flex_column_24_24_phone\">\n<div class=\"et_pb_menu_0 et_pb_menu et_pb_menu--with-logo et_pb_menu--style-left_aligned et_dropdown_animation_fade et_pb_bg_layout_light et_pb_text_align_right-tablet et_pb_text_align_right-phone et_pb_module et_flex_module\"><div class=\"et_pb_menu_inner_container et_flex_module\"><div class=\"et_pb_menu__logo-wrap\"><div class=\"et_pb_menu__logo\"><img loading=\"lazy\" decoding=\"async\" src=\"https:\/\/seniorenberatung.it\/wpsit\/wp-content\/uploads\/2026\/04\/s-it-logo-07042026.png\" title=\"s-it-logo-07042026\" width=\"165\" height=\"105\" srcset=\"https:\/\/seniorenberatung.it\/wpsit\/wp-content\/uploads\/2026\/04\/s-it-logo-07042026.png 165w\" sizes=\"(max-width: 165px) 100vw, 165px\" class=\"wp-image-238\" \/><\/div><\/div><div class=\"et_pb_menu__wrap\"><div class=\"et_pb_menu__menu\"><nav class=\"et-menu-nav\"><ul id=\"menu-onboarding-hauptmenue\" class=\"et-menu nav downwards\"><li id=\"menu-item-13\" class=\"et_pb_menu_page_id-home menu-item menu-item-type-post_type menu-item-object-page menu-item-home menu-item-13\"><a href=\"https:\/\/seniorenberatung.it\/wpsit\/\">Seniorenberatung &#8211; Start &#8211; Digitale Zukunft entdecken<\/a><\/li>\n<li id=\"menu-item-15\" class=\"et_pb_menu_page_id-14 menu-item menu-item-type-post_type menu-item-object-page menu-item-15\"><a href=\"https:\/\/seniorenberatung.it\/wpsit\/leistungen\/\">Leistungen<\/a><\/li>\n<li id=\"menu-item-17\" class=\"et_pb_menu_page_id-16 menu-item menu-item-type-post_type menu-item-object-page menu-item-17\"><a href=\"https:\/\/seniorenberatung.it\/wpsit\/warumwir\/\">Warum Wir?<\/a><\/li>\n<li id=\"menu-item-19\" class=\"et_pb_menu_page_id-18 menu-item menu-item-type-post_type menu-item-object-page menu-item-19\"><a href=\"https:\/\/seniorenberatung.it\/wpsit\/ablauf\/\">Ablauf<\/a><\/li>\n<li id=\"menu-item-21\" class=\"et_pb_menu_page_id-20 menu-item menu-item-type-post_type menu-item-object-page menu-item-21\"><a href=\"https:\/\/seniorenberatung.it\/wpsit\/kontakt\/\">Kontakt &#8211; Impressum<\/a><\/li>\n<\/ul><\/nav><\/div><div class=\"et_mobile_nav_menu\"><div class=\"mobile_nav closed\"><span class=\"mobile_menu_bar\"><\/span><\/div><\/div><\/div><\/div><\/div>\n<\/div>\n<\/div>\n<\/div>\n\n<div class=\"et_pb_section_1 et_pb_section et_section_regular et_block_section preset--module--divi-section--_module_preset=\">\n<div class=\"et_pb_row_1 et_pb_row et_block_row preset--module--divi-row--5138c454-be54-4233-bd3b-f8e6a8747976\">\n<div class=\"et_pb_column_1 et_pb_column et_pb_column_2_3 et_block_column et_pb_css_mix_blend_mode_passthrough preset--module--divi-column--73121f80-a3ef-4484-8763-c3f18e3c56d2\">\n<div class=\"et_pb_heading_0 et_pb_heading et_pb_module et_block_module preset--module--divi-heading--f0c675ea-2574-4d0e-b725-30f8550a8550\"><div class=\"et_pb_heading_container\"><h4 class=\"et_pb_module_header\">Einfacher Zugang zu digitaler Unterst\u00fctzung<\/h4><\/div><\/div>\n\n<div class=\"et_pb_heading_1 et_pb_heading et_pb_module et_block_module preset--module--divi-heading--ddeb8c09-9078-4424-bc15-2efb6572e28e\"><div class=\"et_pb_heading_container\"><h1 class=\"et_pb_module_header\">Willkommen bei Ihrer Seniorenberatung<\/h1><\/div><\/div>\n\n<div class=\"et_pb_text_0 et_pb_text et_pb_bg_layout_light et_pb_module et_block_module preset--module--divi-text--0504de1e-f5ff-4281-ba60-cbbe4edf98bc\"><div class=\"et_pb_text_inner\"><p>Erleben Sie eine individuelle IT-Beratung, die auf Ihre Bed\u00fcrfnisse zugeschnitten ist. Mit Herz und Verstand helfen wir Ihnen, die digitale Welt zu meistern.<\/p>\n<\/div><\/div>\n\n<div class=\"et_pb_module et_pb_button_module_wrapper et_pb_button_0_wrapper preset--module--divi-button--ab15fb74-61a3-43aa-96b3-41e09aeef654_wrapper\"><a class=\"et_pb_button_0 et_pb_button et_pb_bg_layout_light et_pb_module et_block_module preset--module--divi-button--ab15fb74-61a3-43aa-96b3-41e09aeef654\" href=\"\">Mehr erfahren<\/a><\/div>\n<\/div>\n\n<div class=\"et_pb_column_2 et_pb_column et_pb_column_1_3 et-last-child et_block_column et_pb_column_empty et_pb_css_mix_blend_mode_passthrough preset--module--divi-column--73121f80-a3ef-4484-8763-c3f18e3c56d2\"><\/div>\n<\/div>\n<\/div>\n\n<div class=\"et_pb_section_2 et_pb_section et_section_regular et_block_section\">\n<div class=\"et_pb_row_2 et_pb_row et_block_row\">\n<div class=\"et_pb_column_3 et_pb_column et_pb_column_4_4 et-last-child et_block_column et_pb_css_mix_blend_mode_passthrough\">\n<div class=\"et_pb_heading_2 et_pb_heading et_pb_module et_block_module preset--module--divi-heading--default\"><div class=\"et_pb_heading_container\"><h2 class=\"et_pb_module_header\">So funktioniert es<\/h2><\/div><\/div>\n<\/div>\n<\/div>\n\n<div class=\"et_pb_row_3 et_pb_row et_block_row\">\n<div class=\"et_pb_column_4 et_pb_column et_pb_column_1_3 et_block_column et_pb_css_mix_blend_mode_passthrough\">\n<div class=\"et_pb_heading_3 et_pb_heading et_pb_module et_block_module ai_ignore_all preset--module--divi-heading--8c21dae4-c59d-4c2b-958c-0e045c7f06d6\"><div class=\"et_pb_heading_container\"><h4 class=\"et_pb_module_header\">Step 1<\/h4><\/div><\/div>\n<\/div>\n\n<div class=\"et_pb_column_5 et_pb_column et_pb_column_2_3 et-last-child et_block_column et_pb_css_mix_blend_mode_passthrough\">\n<div class=\"et_pb_text_1 et_pb_text et_pb_bg_layout_light et_pb_module et_block_module preset--module--divi-text--default\"><div class=\"et_pb_text_inner\"><p>Kontakt aufnehmen: Rufen Sie uns an oder senden Sie eine Nachricht, um den ersten Schritt zu machen.<\/p>\n<\/div><\/div>\n<\/div>\n<\/div>\n\n<div class=\"et_pb_row_4 et_pb_row et_block_row\">\n<div class=\"et_pb_column_6 et_pb_column et_pb_column_1_3 et_block_column et_pb_css_mix_blend_mode_passthrough\">\n<div class=\"et_pb_heading_4 et_pb_heading et_pb_module et_block_module ai_ignore_all preset--module--divi-heading--8c21dae4-c59d-4c2b-958c-0e045c7f06d6\"><div class=\"et_pb_heading_container\"><h4 class=\"et_pb_module_header\">Step 2<\/h4><\/div><\/div>\n<\/div>\n\n<div class=\"et_pb_column_7 et_pb_column et_pb_column_2_3 et-last-child et_block_column et_pb_css_mix_blend_mode_passthrough\">\n<div class=\"et_pb_text_2 et_pb_text et_pb_bg_layout_light et_pb_module et_block_module preset--module--divi-text--default\"><div class=\"et_pb_text_inner\"><p>Beratungsgespr\u00e4ch: Wir besprechen Ihre Anliegen und finden gemeinsam die beste L\u00f6sung \u2013 telefonisch, online oder bei Ihnen vor Ort.<\/p>\n<\/div><\/div>\n<\/div>\n<\/div>\n\n<div class=\"et_pb_row_5 et_pb_row et_block_row\">\n<div class=\"et_pb_column_8 et_pb_column et_pb_column_1_3 et_block_column et_pb_css_mix_blend_mode_passthrough\">\n<div class=\"et_pb_heading_5 et_pb_heading et_pb_module et_block_module ai_ignore_all preset--module--divi-heading--8c21dae4-c59d-4c2b-958c-0e045c7f06d6\"><div class=\"et_pb_heading_container\"><h4 class=\"et_pb_module_header\">Step 3<\/h4><\/div><\/div>\n<\/div>\n\n<div class=\"et_pb_column_9 et_pb_column et_pb_column_2_3 et-last-child et_block_column et_pb_css_mix_blend_mode_passthrough\">\n<div class=\"et_pb_text_3 et_pb_text et_pb_bg_layout_light et_pb_module et_block_module preset--module--divi-text--default\"><div class=\"et_pb_text_inner\"><p>Umsetzung: Unsere Experten unterst\u00fctzen Sie bei der Implementierung, sei es durch pers\u00f6nliche Besuche oder digitale Hilfe.<\/p>\n<\/div><\/div>\n<\/div>\n<\/div>\n\n<div class=\"et_pb_row_6 et_pb_row et_block_row\">\n<div class=\"et_pb_column_10 et_pb_column et_pb_column_4_4 et-last-child et_block_column et_pb_css_mix_blend_mode_passthrough\">\n<div class=\"et_pb_module et_pb_button_module_wrapper et_pb_button_1_wrapper preset--module--divi-button--default_wrapper\"><a class=\"et_pb_button_1 et_pb_button et_pb_bg_layout_light et_pb_module et_block_module preset--module--divi-button--default\" href=\"\">Jetzt starten<\/a><\/div>\n<\/div>\n<\/div>\n<\/div>\n\n<div class=\"et_pb_section_3 et_pb_section et_section_regular et_block_section\">\n<div class=\"et_pb_row_7 et_pb_row et_block_row preset--module--divi-row--5138c454-be54-4233-bd3b-f8e6a8747976\">\n<div class=\"et_pb_column_11 et_pb_column et_pb_column_1_3 et_block_column et_pb_css_mix_blend_mode_passthrough preset--module--divi-column--73121f80-a3ef-4484-8763-c3f18e3c56d2\">\n<div class=\"et_pb_heading_6 et_pb_heading et_pb_module et_block_module preset--module--divi-heading--ba4a6336-701f-47b8-bf5c-09da0ce28016\"><div class=\"et_pb_heading_container\"><h3 class=\"et_pb_module_header\">Ihr Beratungsgespr\u00e4ch<\/h3><\/div><\/div>\n\n<div class=\"et_pb_text_4 et_pb_text et_pb_bg_layout_light et_pb_module et_block_module preset--module--divi-text--default\"><div class=\"et_pb_text_inner\"><p>W\u00e4hrend der Beratung k\u00f6nnen Sie erwarten, dass wir Ihre Fragen geduldig und verst\u00e4ndlich beantworten. Ob per Telefon, Videoanruf oder pers\u00f6nlich \u2013 wir passen uns Ihren Kommunikationsvorlieben an. Unser Ziel ist es, Ihnen die bestm\u00f6gliche Unterst\u00fctzung zu bieten, damit Sie sich in der digitalen Welt sicher und wohlf\u00fchlen.<\/p>\n<\/div><\/div>\n<\/div>\n\n<div class=\"et_pb_column_12 et_pb_column et_pb_column_2_3 et-last-child et_block_column et_pb_css_mix_blend_mode_passthrough preset--module--divi-column--73121f80-a3ef-4484-8763-c3f18e3c56d2\">\n<div class=\"et_pb_image_0 et_pb_image et_pb_module et_block_module preset--module--divi-image--6ed8fd5c-62c5-4100-98c3-7b8b6d2c2ee6\"><span class=\"et_pb_image_wrap\"><img loading=\"lazy\" decoding=\"async\" src=\"https:\/\/seniorenberatung.it\/wpsit\/wp-content\/uploads\/2026\/03\/warum-wir-anders-sind-2-zuhoeren.jpg\" title=\"warum-wir-anders-sind-2-zuhoeren\" width=\"1024\" height=\"1024\" srcset=\"https:\/\/seniorenberatung.it\/wpsit\/wp-content\/uploads\/2026\/03\/warum-wir-anders-sind-2-zuhoeren.jpg 1024w, https:\/\/seniorenberatung.it\/wpsit\/wp-content\/uploads\/2026\/03\/warum-wir-anders-sind-2-zuhoeren-980x980.jpg 980w, https:\/\/seniorenberatung.it\/wpsit\/wp-content\/uploads\/2026\/03\/warum-wir-anders-sind-2-zuhoeren-480x480.jpg 480w\" sizes=\"(min-width: 0px) and (max-width: 480px) 480px, (min-width: 481px) and (max-width: 980px) 980px, (min-width: 981px) 1024px, 100vw\" class=\"wp-image-135\" \/><\/span><\/div>\n<\/div>\n<\/div>\n<\/div>\n\n<div class=\"et_pb_section_4 et_pb_section et_section_regular et_block_section\">\n<div class=\"et_pb_row_8 et_pb_row et_block_row preset--module--divi-row--5138c454-be54-4233-bd3b-f8e6a8747976\">\n<div class=\"et_pb_column_13 et_pb_column et_pb_column_4_4 et-last-child et_block_column et_pb_css_mix_blend_mode_passthrough preset--module--divi-column--73121f80-a3ef-4484-8763-c3f18e3c56d2\">\n<div class=\"et_pb_icon_0 et_pb_icon et_pb_module et_block_module preset--module--divi-icon--5495b6a8-1a45-496a-baa7-407b279ec6d6\"><span class=\"et_pb_icon_wrap\"><span class=\"et-pb-icon\">\uf14a<\/span><\/span><\/div>\n\n<div class=\"et_pb_heading_7 et_pb_heading et_pb_module et_block_module preset--module--divi-heading--ba4a6336-701f-47b8-bf5c-09da0ce28016\"><div class=\"et_pb_heading_container\"><h3 class=\"et_pb_module_header\">L\u00f6sungsumsetzung<\/h3><\/div><\/div>\n\n<div class=\"et_pb_text_5 et_pb_text et_pb_bg_layout_light et_pb_module et_block_module et_pb_text_align_center preset--module--divi-text--default\"><div class=\"et_pb_text_inner\"><p>Nach dem Beratungsgespr\u00e4ch entwickeln wir ma\u00dfgeschneiderte L\u00f6sungen, die auf Ihre individuellen Bed\u00fcrfnisse abgestimmt sind. Unser Team kommt zu Ihnen nach Hause oder unterst\u00fctzt Sie online, um die vereinbarten Ma\u00dfnahmen umzusetzen.<\/p>\n<\/div><\/div>\n\n<div class=\"et_pb_divider_0 et_pb_divider et_pb_space et_pb_divider_position_top et_pb_module preset--module--divi-divider--default\"><div class=\"et_pb_divider_internal\"><\/div><\/div>\n\n<div class=\"et_pb_icon_1 et_pb_icon et_pb_module et_block_module preset--module--divi-icon--5495b6a8-1a45-496a-baa7-407b279ec6d6\"><span class=\"et_pb_icon_wrap\"><span class=\"et-pb-icon\">\uf7d9<\/span><\/span><\/div>\n\n<div class=\"et_pb_heading_8 et_pb_heading et_pb_module et_block_module preset--module--divi-heading--ba4a6336-701f-47b8-bf5c-09da0ce28016\"><div class=\"et_pb_heading_container\"><h3 class=\"et_pb_module_header\">Anpassung und Einrichtung<\/h3><\/div><\/div>\n\n<div class=\"et_pb_text_6 et_pb_text et_pb_bg_layout_light et_pb_module et_block_module et_pb_text_align_center preset--module--divi-text--default\"><div class=\"et_pb_text_inner\"><p>Wir helfen Ihnen bei der Einrichtung und Anpassung Ihrer Ger\u00e4te, damit alles reibungslos funktioniert. Ob es um die Installation neuer Software oder die Optimierung bestehender Systeme geht, wir sind f\u00fcr Sie da.<\/p>\n<\/div><\/div>\n\n<div class=\"et_pb_divider_1 et_pb_divider et_pb_space et_pb_divider_position_top et_pb_module preset--module--divi-divider--default\"><div class=\"et_pb_divider_internal\"><\/div><\/div>\n\n<div class=\"et_pb_icon_2 et_pb_icon et_pb_module et_block_module preset--module--divi-icon--5495b6a8-1a45-496a-baa7-407b279ec6d6\"><span class=\"et_pb_icon_wrap\"><span class=\"et-pb-icon\">\uf235<\/span><\/span><\/div>\n\n<div class=\"et_pb_heading_9 et_pb_heading et_pb_module et_block_module preset--module--divi-heading--ba4a6336-701f-47b8-bf5c-09da0ce28016\"><div class=\"et_pb_heading_container\"><h3 class=\"et_pb_module_header\">Schulung und Einweisung<\/h3><\/div><\/div>\n\n<div class=\"et_pb_text_7 et_pb_text et_pb_bg_layout_light et_pb_module et_block_module et_pb_text_align_center preset--module--divi-text--default\"><div class=\"et_pb_text_inner\"><p>Um sicherzustellen, dass Sie sich mit den neuen L\u00f6sungen wohlf\u00fchlen, bieten wir Ihnen eine umfassende Schulung und Einweisung an. So k\u00f6nnen Sie alle Funktionen sicher und selbstbewusst nutzen.<\/p>\n<\/div><\/div>\n<\/div>\n<\/div>\n<\/div>\n\n<div class=\"et_pb_section_5 et_pb_section et_section_regular et_block_section\">\n<div class=\"et_pb_row_9 et_pb_row et_block_row preset--module--divi-row--5138c454-be54-4233-bd3b-f8e6a8747976\">\n<div class=\"et_pb_column_14 et_pb_column et_pb_column_4_4 et-last-child et_block_column et_pb_css_mix_blend_mode_passthrough preset--module--divi-column--73121f80-a3ef-4484-8763-c3f18e3c56d2\">\n<div class=\"et_pb_heading_10 et_pb_heading et_pb_module et_block_module preset--module--divi-heading--default\"><div class=\"et_pb_heading_container\"><h2 class=\"et_pb_module_header\">Fortlaufende Unterst\u00fctzung<\/h2><\/div><\/div>\n<\/div>\n<\/div>\n\n<div class=\"et_pb_row_10 et_pb_row et_pb_equal_columns et_block_row preset--module--divi-row--5138c454-be54-4233-bd3b-f8e6a8747976\">\n<div class=\"et_pb_column_15 et_pb_column et_pb_column_1_3 et_block_column et_pb_css_mix_blend_mode_passthrough preset--module--divi-column--deb82190-c402-496d-9cea-a1d08a63686c\">\n<div class=\"et_pb_blurb_0 et_pb_blurb et_pb_bg_layout_light et_pb_text_align_left et_pb_blurb_position_top et_pb_module et_block_module preset--module--divi-blurb--212b201d-2c34-41bd-936c-851b7357d08b\"><div class=\"et_pb_blurb_content\"><div class=\"et_pb_main_blurb_image\"><span class=\"et_pb_image_wrap\"><span class=\"et-pb-icon\">\uf653<\/span><\/span><\/div><div class=\"et_pb_blurb_container\"><h4 class=\"et_pb_module_header\">Regelm\u00e4\u00dfige Check-ins<\/h4><div class=\"et_pb_blurb_description\"><p>Wir bieten regelm\u00e4\u00dfige Check-ins an, um sicherzustellen, dass alles weiterhin optimal l\u00e4uft und um eventuelle Fragen zu kl\u00e4ren.<\/p>\n<\/div><\/div><\/div><\/div>\n<\/div>\n\n<div class=\"et_pb_column_16 et_pb_column et_pb_column_1_3 et_block_column et_pb_css_mix_blend_mode_passthrough preset--module--divi-column--deb82190-c402-496d-9cea-a1d08a63686c\">\n<div class=\"et_pb_blurb_1 et_pb_blurb et_pb_bg_layout_light et_pb_text_align_left et_pb_blurb_position_top et_pb_module et_block_module preset--module--divi-blurb--212b201d-2c34-41bd-936c-851b7357d08b\"><div class=\"et_pb_blurb_content\"><div class=\"et_pb_main_blurb_image\"><span class=\"et_pb_image_wrap\"><span class=\"et-pb-icon\">\uf812<\/span><\/span><\/div><div class=\"et_pb_blurb_container\"><h4 class=\"et_pb_module_header\">Technischer Support<\/h4><div class=\"et_pb_blurb_description\"><p>Unser technischer Support steht Ihnen jederzeit zur Verf\u00fcgung, um bei Problemen schnell und effizient zu helfen.<\/p>\n<\/div><\/div><\/div><\/div>\n<\/div>\n\n<div class=\"et_pb_column_17 et_pb_column et_pb_column_1_3 et-last-child et_block_column et_pb_css_mix_blend_mode_passthrough preset--module--divi-column--deb82190-c402-496d-9cea-a1d08a63686c\">\n<div class=\"et_pb_blurb_2 et_pb_blurb et_pb_bg_layout_light et_pb_text_align_left et_pb_blurb_position_top et_pb_module et_block_module preset--module--divi-blurb--212b201d-2c34-41bd-936c-851b7357d08b\"><div class=\"et_pb_blurb_content\"><div class=\"et_pb_main_blurb_image\"><span class=\"et_pb_image_wrap\"><span class=\"et-pb-icon\">\ue012<\/span><\/span><\/div><div class=\"et_pb_blurb_container\"><h4 class=\"et_pb_module_header\">Updates und Upgrades<\/h4><div class=\"et_pb_blurb_description\"><p>Wir informieren Sie \u00fcber wichtige Updates und Upgrades, damit Ihre Systeme stets auf dem neuesten Stand sind.<\/p>\n<\/div><\/div><\/div><\/div>\n<\/div>\n<\/div>\n<\/div>\n\n<div class=\"et_pb_section_6 et_pb_section et_section_regular et_block_section\">\n<div class=\"et_pb_row_11 et_pb_row et_block_row preset--module--divi-row--5138c454-be54-4233-bd3b-f8e6a8747976\">\n<div class=\"et_pb_column_18 et_pb_column et_pb_column_4_4 et-last-child et_block_column et_pb_css_mix_blend_mode_passthrough preset--module--divi-column--73121f80-a3ef-4484-8763-c3f18e3c56d2\">\n<div class=\"et_pb_heading_11 et_pb_heading et_pb_module et_block_module preset--module--divi-heading--default\"><div class=\"et_pb_heading_container\"><h2 class=\"et_pb_module_header\">Kundenstimmen<\/h2><\/div><\/div>\n<\/div>\n<\/div>\n\n<div class=\"et_pb_row_12 et_pb_row et_block_row preset--module--divi-row--5138c454-be54-4233-bd3b-f8e6a8747976\">\n<div class=\"et_pb_column_19 et_pb_column et_pb_column_1_2 et_block_column et_pb_css_mix_blend_mode_passthrough preset--module--divi-column--73121f80-a3ef-4484-8763-c3f18e3c56d2\">\n<div class=\"et_pb_icon_3 et_pb_icon et_pb_module et_block_module ai_ignore_font_icon preset--module--divi-icon--default\"><span class=\"et_pb_icon_wrap\"><span class=\"et-pb-icon\">\uf10d<\/span><\/span><\/div>\n\n<div class=\"et_pb_text_8 et_pb_text et_pb_bg_layout_light et_pb_module et_block_module preset--module--divi-text--default\"><div class=\"et_pb_text_inner\"><p><b>\u2605<\/b><b>\u2605<\/b><b>\u2605<\/b><b>\u2605<\/b><b>\u2605<\/b><\/p>\n<\/div><\/div>\n\n<div class=\"et_pb_text_9 et_pb_text et_pb_bg_layout_light et_pb_module et_block_module preset--module--divi-text--ca5459fa-2abd-4000-9b59-3cb483bcc17e\"><div class=\"et_pb_text_inner\"><p>\u201eDank der Seniorenberatung f\u00fchle ich mich endlich sicher im Umgang mit meinem Computer. Die Geduld und das Verst\u00e4ndnis des Teams sind unbezahlbar.\u201c<\/p>\n<\/div><\/div>\n\n<div class=\"et_pb_blurb_3 et_pb_blurb et_pb_bg_layout_light et_pb_blurb_position_top et_pb_module et_block_module preset--module--divi-blurb--default\"><div class=\"et_pb_blurb_content\"><div class=\"et_pb_main_blurb_image\"><span class=\"et_pb_image_wrap et_pb_only_image_mode_wrap\"><img loading=\"lazy\" decoding=\"async\" src=\"https:\/\/seniorenberatung.it\/wpsit\/wp-content\/uploads\/2026\/03\/seniorin-notebook-.jpg\" width=\"1024\" height=\"1024\" srcset=\"https:\/\/seniorenberatung.it\/wpsit\/wp-content\/uploads\/2026\/03\/seniorin-notebook-.jpg 1024w, https:\/\/seniorenberatung.it\/wpsit\/wp-content\/uploads\/2026\/03\/seniorin-notebook--980x980.jpg 980w, https:\/\/seniorenberatung.it\/wpsit\/wp-content\/uploads\/2026\/03\/seniorin-notebook--480x480.jpg 480w\" sizes=\"(min-width: 0px) and (max-width: 480px) 480px, (min-width: 481px) and (max-width: 980px) 980px, (min-width: 981px) 1024px, 100vw\" class=\"wp-image-124\" title=\"seniorin-notebook-\" \/><\/span><\/div><div class=\"et_pb_blurb_container\"><h4 class=\"et_pb_module_header\">Anna M\u00fcller<\/h4><div class=\"et_pb_blurb_description\"><p>Rentnerin<\/p>\n<\/div><\/div><\/div><\/div>\n<\/div>\n\n<div class=\"et_pb_column_20 et_pb_column et_pb_column_1_2 et-last-child et_block_column et_pb_css_mix_blend_mode_passthrough preset--module--divi-column--73121f80-a3ef-4484-8763-c3f18e3c56d2\">\n<div class=\"et_pb_icon_4 et_pb_icon et_pb_module et_block_module ai_ignore_font_icon preset--module--divi-icon--default\"><span class=\"et_pb_icon_wrap\"><span class=\"et-pb-icon\">\uf10d<\/span><\/span><\/div>\n\n<div class=\"et_pb_text_10 et_pb_text et_pb_bg_layout_light et_pb_module et_block_module preset--module--divi-text--default\"><div class=\"et_pb_text_inner\"><p><b>\u2605<\/b><b>\u2605<\/b><b>\u2605<\/b><b>\u2605<\/b><b>\u2605<\/b><\/p>\n<\/div><\/div>\n\n<div class=\"et_pb_text_11 et_pb_text et_pb_bg_layout_light et_pb_module et_block_module preset--module--divi-text--ca5459fa-2abd-4000-9b59-3cb483bcc17e\"><div class=\"et_pb_text_inner\"><p>\u201eDie Unterst\u00fctzung bei der Einrichtung meines neuen Tablets war hervorragend. Jetzt kann ich problemlos mit meiner Familie kommunizieren.\u201c<\/p>\n<\/div><\/div>\n\n<div class=\"et_pb_blurb_4 et_pb_blurb et_pb_bg_layout_light et_pb_blurb_position_top et_pb_module et_block_module preset--module--divi-blurb--default\"><div class=\"et_pb_blurb_content\"><div class=\"et_pb_main_blurb_image\"><span class=\"et_pb_image_wrap et_pb_only_image_mode_wrap\"><img loading=\"lazy\" decoding=\"async\" src=\"https:\/\/seniorenberatung.it\/wpsit\/wp-content\/uploads\/2026\/03\/senior-tablet-berater-im-wohnzimmer.jpg\" width=\"1024\" height=\"1024\" srcset=\"https:\/\/seniorenberatung.it\/wpsit\/wp-content\/uploads\/2026\/03\/senior-tablet-berater-im-wohnzimmer.jpg 1024w, https:\/\/seniorenberatung.it\/wpsit\/wp-content\/uploads\/2026\/03\/senior-tablet-berater-im-wohnzimmer-980x980.jpg 980w, https:\/\/seniorenberatung.it\/wpsit\/wp-content\/uploads\/2026\/03\/senior-tablet-berater-im-wohnzimmer-480x480.jpg 480w\" sizes=\"(min-width: 0px) and (max-width: 480px) 480px, (min-width: 481px) and (max-width: 980px) 980px, (min-width: 981px) 1024px, 100vw\" class=\"wp-image-181\" title=\"senior-tablet-berater-im-wohnzimmer\" \/><\/span><\/div><div class=\"et_pb_blurb_container\"><h4 class=\"et_pb_module_header\">Hans Schmidt<\/h4><div class=\"et_pb_blurb_description\"><p>Pension\u00e4r<\/p>\n<\/div><\/div><\/div><\/div>\n<\/div>\n<\/div>\n<\/div>\n\n<div class=\"et_pb_section_7 et_pb_section et_section_regular et_block_section\">\n<div class=\"et_pb_row_13 et_pb_row et_block_row preset--module--divi-row--5138c454-be54-4233-bd3b-f8e6a8747976\">\n<div class=\"et_pb_column_21 et_pb_column et_pb_column_4_4 et-last-child et_block_column et_pb_css_mix_blend_mode_passthrough preset--module--divi-column--73121f80-a3ef-4484-8763-c3f18e3c56d2\">\n<div class=\"et_pb_cta_0 et_pb_promo et_pb_bg_layout_dark et_pb_module et_block_module preset--module--divi-cta--default\"><div class=\"et_pb_promo_description\"><h2 class=\"et_pb_module_header\">Jetzt Ihren kostenlosen Beratungstermin sichern!<\/h2><div class=\"et_pb_promo_content\"><p>Nutzen Sie die Gelegenheit, um Ihre digitalen Fragen in einem pers\u00f6nlichen Gespr\u00e4ch zu kl\u00e4ren. Unser Team steht bereit, um Ihnen mit Rat und Tat zur Seite zu stehen. Vereinbaren Sie noch heute Ihren kostenlosen Ersttermin und starten Sie mit uns in eine sorgenfreie digitale Zukunft!<\/p>\n<\/div><\/div><div class=\"et_pb_button_wrapper\"><a class=\"et_pb_button et_pb_promo_button\" href=\"#\">Termin vereinbaren<\/a><\/div><\/div>\n<\/div>\n<\/div>\n<\/div>","protected":false},"excerpt":{"rendered":"","protected":false},"author":1,"featured_media":0,"parent":0,"menu_order":0,"comment_status":"closed","ping_status":"closed","template":"","meta":{"footnotes":""},"class_list":["post-18","page","type-page","status-publish","hentry"],"_links":{"self":[{"href":"https:\/\/seniorenberatung.it\/wpsit\/wp-json\/wp\/v2\/pages\/18","targetHints":{"allow":["GET"]}}],"collection":[{"href":"https:\/\/seniorenberatung.it\/wpsit\/wp-json\/wp\/v2\/pages"}],"about":[{"href":"https:\/\/seniorenberatung.it\/wpsit\/wp-json\/wp\/v2\/types\/page"}],"author":[{"embeddable":true,"href":"https:\/\/seniorenberatung.it\/wpsit\/wp-json\/wp\/v2\/users\/1"}],"replies":[{"embeddable":true,"href":"https:\/\/seniorenberatung.it\/wpsit\/wp-json\/wp\/v2\/comments?post=18"}],"version-history":[{"count":7,"href":"https:\/\/seniorenberatung.it\/wpsit\/wp-json\/wp\/v2\/pages\/18\/revisions"}],"predecessor-version":[{"id":244,"href":"https:\/\/seniorenberatung.it\/wpsit\/wp-json\/wp\/v2\/pages\/18\/revisions\/244"}],"wp:attachment":[{"href":"https:\/\/seniorenberatung.it\/wpsit\/wp-json\/wp\/v2\/media?parent=18"}],"curies":[{"name":"wp","href":"https:\/\/api.w.org\/{rel}","templated":true}]}}