{"id":12,"date":"2025-08-22T12:17:57","date_gmt":"2025-08-22T12:17:57","guid":{"rendered":"https:\/\/seniorenberatung.it\/wpsit\/?page_id=12"},"modified":"2026-04-07T10:38:57","modified_gmt":"2026-04-07T10:38:57","slug":"home","status":"publish","type":"page","link":"https:\/\/seniorenberatung.it\/wpsit\/","title":{"rendered":"Seniorenberatung &#8211; Start &#8211; Digitale Zukunft entdecken"},"content":{"rendered":"<div class=\"et_pb_section_0 et_pb_section et_section_regular et_block_section\">\n<div class=\"et_pb_row_0 et_pb_row et_flex_row\">\n<div class=\"et_pb_column_0 et_pb_column et-last-child et_flex_column et_pb_css_mix_blend_mode_passthrough et_flex_column_24_24 et_flex_column_24_24_tablet et_flex_column_24_24_phone\">\n<div class=\"et_pb_menu_0 et_pb_menu et_pb_menu--with-logo et_pb_menu--style-left_aligned et_dropdown_animation_fade et_pb_bg_layout_light et_pb_text_align_right-tablet et_pb_text_align_right-phone et_pb_module et_flex_module\"><div class=\"et_pb_menu_inner_container et_flex_module\"><div class=\"et_pb_menu__logo-wrap\"><div class=\"et_pb_menu__logo\"><img loading=\"lazy\" decoding=\"async\" src=\"https:\/\/seniorenberatung.it\/wpsit\/wp-content\/uploads\/2026\/04\/s-it-logo-07042026.png\" title=\"s-it-logo-07042026\" width=\"165\" height=\"105\" srcset=\"https:\/\/seniorenberatung.it\/wpsit\/wp-content\/uploads\/2026\/04\/s-it-logo-07042026.png 165w\" sizes=\"(max-width: 165px) 100vw, 165px\" class=\"wp-image-238\" \/><\/div><\/div><div class=\"et_pb_menu__wrap\"><div class=\"et_pb_menu__menu\"><nav class=\"et-menu-nav\"><ul id=\"menu-onboarding-hauptmenue\" class=\"et-menu nav downwards\"><li id=\"menu-item-13\" class=\"et_pb_menu_page_id-home menu-item menu-item-type-post_type menu-item-object-page menu-item-home menu-item-13\"><a href=\"https:\/\/seniorenberatung.it\/wpsit\/\">Seniorenberatung &#8211; Start &#8211; Digitale Zukunft entdecken<\/a><\/li>\n<li id=\"menu-item-15\" class=\"et_pb_menu_page_id-14 menu-item menu-item-type-post_type menu-item-object-page menu-item-15\"><a href=\"https:\/\/seniorenberatung.it\/wpsit\/leistungen\/\">Leistungen<\/a><\/li>\n<li id=\"menu-item-17\" class=\"et_pb_menu_page_id-16 menu-item menu-item-type-post_type menu-item-object-page menu-item-17\"><a href=\"https:\/\/seniorenberatung.it\/wpsit\/warumwir\/\">Warum Wir?<\/a><\/li>\n<li id=\"menu-item-19\" class=\"et_pb_menu_page_id-18 menu-item menu-item-type-post_type menu-item-object-page menu-item-19\"><a href=\"https:\/\/seniorenberatung.it\/wpsit\/ablauf\/\">Ablauf<\/a><\/li>\n<li id=\"menu-item-21\" class=\"et_pb_menu_page_id-20 menu-item menu-item-type-post_type menu-item-object-page menu-item-21\"><a href=\"https:\/\/seniorenberatung.it\/wpsit\/kontakt\/\">Kontakt &#8211; Impressum<\/a><\/li>\n<\/ul><\/nav><\/div><div class=\"et_mobile_nav_menu\"><div class=\"mobile_nav closed\"><span class=\"mobile_menu_bar\"><\/span><\/div><\/div><\/div><\/div><\/div>\n\n<div class=\"et_pb_image_0 et_pb_image et_pb_module et_flex_module preset--module--divi-image--default\"><span class=\"et_pb_image_wrap\"><img loading=\"lazy\" decoding=\"async\" src=\"https:\/\/seniorenberatung.it\/wpsit\/wp-content\/uploads\/2026\/03\/seniorenberatung_hero.jpg\" title=\"Seniorenberatung Hero\" width=\"1280\" height=\"714\" srcset=\"https:\/\/seniorenberatung.it\/wpsit\/wp-content\/uploads\/2026\/03\/seniorenberatung_hero.jpg 1280w, https:\/\/seniorenberatung.it\/wpsit\/wp-content\/uploads\/2026\/03\/seniorenberatung_hero-980x547.jpg 980w, https:\/\/seniorenberatung.it\/wpsit\/wp-content\/uploads\/2026\/03\/seniorenberatung_hero-480x268.jpg 480w\" sizes=\"(min-width: 0px) and (max-width: 480px) 480px, (min-width: 481px) and (max-width: 980px) 980px, (min-width: 981px) 1280px, 100vw\" class=\"wp-image-80\" \/><\/span><\/div>\n<\/div>\n<\/div>\n\n<div class=\"et_pb_row_1 et_pb_row et_pb_row_3-4_1-4 et_block_row et_block_row_3-4_1-4 preset--module--divi-row--5138c454-be54-4233-bd3b-f8e6a8747976\">\n<div class=\"et_pb_column_1 et_pb_column et_pb_column_3_4 et_block_column et_pb_css_mix_blend_mode_passthrough preset--module--divi-column--73121f80-a3ef-4484-8763-c3f18e3c56d2\">\n<div class=\"et_pb_heading_0 et_pb_heading et_pb_module et_block_module preset--module--divi-heading--f0c675ea-2574-4d0e-b725-30f8550a8550\"><div class=\"et_pb_heading_container\"><h4 class=\"et_pb_module_header\">Entdecken Sie die Zukunft der digitalen Unterst\u00fctzung<\/h4><\/div><\/div>\n\n<div class=\"et_pb_heading_1 et_pb_heading et_pb_module et_block_module preset--module--divi-heading--ddeb8c09-9078-4424-bc15-2efb6572e28e\"><div class=\"et_pb_heading_container\"><h1 class=\"et_pb_module_header\">Willkommen bei Ihrer Seniorenberatung<\/h1><\/div><\/div>\n\n<div class=\"et_pb_text_0 et_pb_text et_pb_bg_layout_light et_pb_module et_block_module preset--module--divi-text--default\"><div class=\"et_pb_text_inner\"><p>Mit Herz und Geduld begleiten wir Sie in die digitale Welt von heute. Unsere IT-Beratung f\u00fcr Senioren bietet Ihnen ma\u00dfgeschneiderte Unterst\u00fctzung, um den Alltag mit Technik zu erleichtern.<\/p>\n<\/div><\/div>\n<\/div>\n\n<div class=\"et_pb_column_2 et_pb_column et_pb_column_1_4 et-last-child et_block_column et_pb_css_mix_blend_mode_passthrough preset--module--divi-column--73121f80-a3ef-4484-8763-c3f18e3c56d2\">\n<div class=\"et_pb_module et_pb_button_module_wrapper et_pb_button_0_wrapper preset--module--divi-button--default_wrapper\"><a class=\"et_pb_button_0 et_pb_button et_pb_bg_layout_light et_pb_module et_block_module preset--module--divi-button--default\" href=\"\">Mehr erfahren<\/a><\/div>\n<\/div>\n<\/div>\n\n<div class=\"et_pb_row_2 et_pb_row et_pb_row_4col et_block_row et_block_row_4col preset--module--divi-row--048d8e79-b07f-439b-bd57-f41c14f0a56b\">\n<div class=\"et_pb_column_3 et_pb_column et_pb_column_1_4 et_block_column et_pb_css_mix_blend_mode_passthrough preset--module--divi-column--73121f80-a3ef-4484-8763-c3f18e3c56d2\">\n<div class=\"et_pb_blurb_0 et_pb_blurb et_pb_bg_layout_light et_pb_text_align_left et_pb_blurb_position_top et_pb_module et_block_module preset--module--divi-blurb--1d431978-603a-4044-b96b-3cc1d9396512\"><div class=\"et_pb_blurb_content\"><div class=\"et_pb_main_blurb_image\"><span class=\"et_pb_image_wrap\"><span class=\"et-pb-icon et_animated et_animated\">\ue065<\/span><\/span><\/div><div class=\"et_pb_blurb_container\"><h4 class=\"et_pb_module_header\">Individuelle Beratung<\/h4><\/div><\/div><\/div>\n<\/div>\n\n<div class=\"et_pb_column_4 et_pb_column et_pb_column_1_4 et_block_column et_pb_css_mix_blend_mode_passthrough preset--module--divi-column--73121f80-a3ef-4484-8763-c3f18e3c56d2\">\n<div class=\"et_pb_blurb_1 et_pb_blurb et_pb_bg_layout_light et_pb_text_align_left et_pb_blurb_position_top et_pb_module et_block_module preset--module--divi-blurb--1d431978-603a-4044-b96b-3cc1d9396512\"><div class=\"et_pb_blurb_content\"><div class=\"et_pb_main_blurb_image\"><span class=\"et_pb_image_wrap\"><span class=\"et-pb-icon et_animated et_animated\">\ue05e<\/span><\/span><\/div><div class=\"et_pb_blurb_container\"><h4 class=\"et_pb_module_header\">Geduldige Unterst\u00fctzung<\/h4><\/div><\/div><\/div>\n<\/div>\n\n<div class=\"et_pb_column_5 et_pb_column et_pb_column_1_4 et_block_column et_pb_css_mix_blend_mode_passthrough preset--module--divi-column--73121f80-a3ef-4484-8763-c3f18e3c56d2\">\n<div class=\"et_pb_blurb_2 et_pb_blurb et_pb_bg_layout_light et_pb_text_align_left et_pb_blurb_position_top et_pb_module et_block_module preset--module--divi-blurb--1d431978-603a-4044-b96b-3cc1d9396512\"><div class=\"et_pb_blurb_content\"><div class=\"et_pb_main_blurb_image\"><span class=\"et_pb_image_wrap\"><span class=\"et-pb-icon et_animated et_animated\">\uf5da<\/span><\/span><\/div><div class=\"et_pb_blurb_container\"><h4 class=\"et_pb_module_header\">Verst\u00e4ndliche Erkl\u00e4rungen<\/h4><\/div><\/div><\/div>\n<\/div>\n\n<div class=\"et_pb_column_6 et_pb_column et_pb_column_1_4 et-last-child et_block_column et_pb_css_mix_blend_mode_passthrough preset--module--divi-column--73121f80-a3ef-4484-8763-c3f18e3c56d2\">\n<div class=\"et_pb_blurb_3 et_pb_blurb et_pb_bg_layout_light et_pb_text_align_left et_pb_blurb_position_top et_pb_module et_block_module preset--module--divi-blurb--1d431978-603a-4044-b96b-3cc1d9396512\"><div class=\"et_pb_blurb_content\"><div class=\"et_pb_main_blurb_image\"><span class=\"et_pb_image_wrap\"><span class=\"et-pb-icon et_animated et_animated\">\uf46d<\/span><\/span><\/div><div class=\"et_pb_blurb_container\"><h4 class=\"et_pb_module_header\">Komplettservice vor Ort<\/h4><\/div><\/div><\/div>\n<\/div>\n<\/div>\n<\/div>\n\n<div class=\"et_pb_section_1 et_pb_section et_section_regular et_block_section\">\n<div class=\"et_pb_row_3 et_pb_row et_block_row preset--module--divi-row--5138c454-be54-4233-bd3b-f8e6a8747976\">\n<div class=\"et_pb_column_7 et_pb_column et_pb_column_4_4 et-last-child et_block_column et_pb_css_mix_blend_mode_passthrough preset--module--divi-column--73121f80-a3ef-4484-8763-c3f18e3c56d2\">\n<div class=\"et_pb_heading_2 et_pb_heading et_pb_module et_block_module preset--module--divi-heading--default\"><div class=\"et_pb_heading_container\"><h2 class=\"et_pb_module_header\">Unsere Dienstleistungen f\u00fcr Sie<\/h2><\/div><\/div>\n<\/div>\n<\/div>\n\n<div class=\"et_pb_row_4 et_pb_row et_flex_row preset--module--divi-row--5138c454-be54-4233-bd3b-f8e6a8747976\">\n<div class=\"et_pb_column_8 et_pb_column et_block_column et_pb_css_mix_blend_mode_passthrough et_flex_column_12_24 et_flex_column_12_24_tablet et_flex_column_24_24_phone preset--module--divi-column--73121f80-a3ef-4484-8763-c3f18e3c56d2\">\n<div class=\"et_pb_heading_3 et_pb_heading et_pb_module et_block_module preset--module--divi-heading--8c21dae4-c59d-4c2b-958c-0e045c7f06d6\"><div class=\"et_pb_heading_container\"><h4 class=\"et_pb_module_header\">Ger\u00e4tehilfe & Austausch<\/h4><\/div><\/div>\n\n<div class=\"et_pb_text_1 et_pb_text et_pb_bg_layout_light et_pb_module et_block_module preset--module--divi-text--0504de1e-f5ff-4281-ba60-cbbe4edf98bc\"><div class=\"et_pb_text_inner\"><p>Wir helfen bei der Einrichtung und Anpassung Ihrer Ger\u00e4te und bieten Austauschm\u00f6glichkeiten f\u00fcr veraltete Hardware.<\/p>\n<\/div><\/div>\n\n<div class=\"et_pb_module et_pb_button_module_wrapper et_pb_button_1_wrapper preset--module--divi-button--default_wrapper\"><a class=\"et_pb_button_1 et_pb_button et_pb_bg_layout_light et_pb_module et_block_module preset--module--divi-button--default\" href=\"\">Mehr erfahren<\/a><\/div>\n<\/div>\n\n<div class=\"et_pb_column_9 et_pb_column et-last-child et_block_column et_pb_css_mix_blend_mode_passthrough et_flex_column_12_24 et_flex_column_12_24_tablet et_flex_column_24_24_phone preset--module--divi-column--73121f80-a3ef-4484-8763-c3f18e3c56d2\">\n<div class=\"et_pb_heading_4 et_pb_heading et_pb_module et_block_module preset--module--divi-heading--8c21dae4-c59d-4c2b-958c-0e045c7f06d6\"><div class=\"et_pb_heading_container\"><h4 class=\"et_pb_module_header\">Struktur & Datenverwaltung<\/h4><\/div><\/div>\n\n<div class=\"et_pb_text_2 et_pb_text et_pb_bg_layout_light et_pb_module et_block_module preset--module--divi-text--0504de1e-f5ff-4281-ba60-cbbe4edf98bc\"><div class=\"et_pb_text_inner\"><p>Gemeinsam organisieren wir Ihre digitalen Erinnerungen und sichern wichtige Daten sicher und einfach.<\/p>\n<\/div><\/div>\n\n<div class=\"et_pb_module et_pb_button_module_wrapper et_pb_button_2_wrapper preset--module--divi-button--default_wrapper\"><a class=\"et_pb_button_2 et_pb_button et_pb_bg_layout_light et_pb_module et_block_module preset--module--divi-button--default\" href=\"\">Mehr erfahren<\/a><\/div>\n<\/div>\n<\/div>\n\n<div class=\"et_pb_row_5 et_pb_row et_pb_equal_columns et_block_row preset--module--divi-row--5138c454-be54-4233-bd3b-f8e6a8747976\">\n<div class=\"et_pb_column_10 et_pb_column et_pb_column_1_2 et_block_column et_pb_css_mix_blend_mode_passthrough preset--module--divi-column--73121f80-a3ef-4484-8763-c3f18e3c56d2\">\n<div class=\"et_pb_heading_5 et_pb_heading et_pb_module et_block_module preset--module--divi-heading--8c21dae4-c59d-4c2b-958c-0e045c7f06d6\"><div class=\"et_pb_heading_container\"><h4 class=\"et_pb_module_header\">E-Mail & Kommunikation<\/h4><\/div><\/div>\n\n<div class=\"et_pb_text_3 et_pb_text et_pb_bg_layout_light et_pb_module et_block_module preset--module--divi-text--0504de1e-f5ff-4281-ba60-cbbe4edf98bc\"><div class=\"et_pb_text_inner\"><p>Unterst\u00fctzung bei der Einrichtung und Nutzung von E-Mail-Konten sowie Schulung zu sicheren Kommunikationsmethoden.<\/p>\n<\/div><\/div>\n\n<div class=\"et_pb_module et_pb_button_module_wrapper et_pb_button_3_wrapper preset--module--divi-button--default_wrapper\"><a class=\"et_pb_button_3 et_pb_button et_pb_bg_layout_light et_pb_module et_block_module preset--module--divi-button--default\" href=\"\">Mehr erfahren<\/a><\/div>\n<\/div>\n\n<div class=\"et_pb_column_11 et_pb_column et_pb_column_1_2 et-last-child et_block_column et_pb_css_mix_blend_mode_passthrough preset--module--divi-column--73121f80-a3ef-4484-8763-c3f18e3c56d2\">\n<div class=\"et_pb_heading_6 et_pb_heading et_pb_module et_block_module preset--module--divi-heading--8c21dae4-c59d-4c2b-958c-0e045c7f06d6\"><div class=\"et_pb_heading_container\"><h4 class=\"et_pb_module_header\">Fotos & Videos<\/h4><\/div><\/div>\n\n<div class=\"et_pb_text_4 et_pb_text et_pb_bg_layout_light et_pb_module et_block_module preset--module--divi-text--0504de1e-f5ff-4281-ba60-cbbe4edf98bc\"><div class=\"et_pb_text_inner\"><p>Hilfe bei der Organisation und Bearbeitung Ihrer digitalen Erinnerungen, ganz nach Ihrem Tempo.<\/p>\n<\/div><\/div>\n\n<div class=\"et_pb_module et_pb_button_module_wrapper et_pb_button_4_wrapper preset--module--divi-button--default_wrapper\"><a class=\"et_pb_button_4 et_pb_button et_pb_bg_layout_light et_pb_module et_block_module preset--module--divi-button--default\" href=\"\">Mehr erfahren<\/a><\/div>\n<\/div>\n<\/div>\n<\/div>\n\n<div class=\"et_pb_section_2 et_pb_section et_section_regular et_block_section\">\n<div class=\"et_pb_row_6 et_pb_row et_flex_row preset--module--divi-row--5138c454-be54-4233-bd3b-f8e6a8747976\">\n<div class=\"et_pb_column_12 et_pb_column et_block_column et_pb_css_mix_blend_mode_passthrough et_flex_column_12_24 et_flex_column_12_24_tablet et_flex_column_24_24_phone preset--module--divi-column--73121f80-a3ef-4484-8763-c3f18e3c56d2\">\n<div class=\"et_pb_heading_7 et_pb_heading et_pb_module et_flex_module preset--module--divi-heading--default\"><div class=\"et_pb_heading_container\"><\/div><\/div>\n\n<div class=\"et_pb_text_5 et_pb_text et_pb_bg_layout_light et_pb_module et_flex_module preset--module--divi-text--default\"><div class=\"et_pb_text_inner\"><h2>Warum wir anders sind<\/h2>\n<\/div><\/div>\n\n<div class=\"et_pb_text_6 et_pb_text et_pb_bg_layout_light et_pb_module et_block_module preset--module--divi-text--default\"><div class=\"et_pb_text_inner\"><p><span style=\"color: #ffffff;\">Unsere Beratung ist geduldig und individuell. Wir h\u00f6ren zu und erkl\u00e4ren alles Schritt f\u00fcr Schritt, ohne Fachchinesisch. Ob vor Ort oder online, wir bieten Ihnen einen Komplettservice von der Einrichtung bis zur Schulung. Ihre Zufriedenheit steht bei uns an erster Stelle.<\/span><\/p>\n<\/div><\/div>\n<\/div>\n\n<div class=\"et_pb_column_13 et_pb_column et-last-child et_block_column et_pb_column_empty et_pb_css_mix_blend_mode_passthrough et_flex_column_12_24 et_flex_column_12_24_tablet et_flex_column_24_24_phone preset--module--divi-column--73121f80-a3ef-4484-8763-c3f18e3c56d2\"><\/div>\n<\/div>\n<\/div>\n\n<div class=\"et_pb_section_3 et_pb_section et_section_regular et_block_section\">\n<div class=\"et_pb_row_7 et_pb_row et_block_row\">\n<div class=\"et_pb_column_14 et_pb_column et_pb_column_4_4 et-last-child et_block_column et_pb_css_mix_blend_mode_passthrough\">\n<div class=\"et_pb_heading_8 et_pb_heading et_pb_module et_block_module preset--module--divi-heading--default\"><div class=\"et_pb_heading_container\"><h2 class=\"et_pb_module_header\">So funktioniert es<\/h2><\/div><\/div>\n<\/div>\n<\/div>\n\n<div class=\"et_pb_row_8 et_pb_row et_block_row\">\n<div class=\"et_pb_column_15 et_pb_column et_pb_column_1_3 et_block_column et_pb_css_mix_blend_mode_passthrough\">\n<div class=\"et_pb_heading_9 et_pb_heading et_pb_module et_block_module ai_ignore_all preset--module--divi-heading--8c21dae4-c59d-4c2b-958c-0e045c7f06d6\"><div class=\"et_pb_heading_container\"><h4 class=\"et_pb_module_header\">Step 1<\/h4><\/div><\/div>\n<\/div>\n\n<div class=\"et_pb_column_16 et_pb_column et_pb_column_2_3 et-last-child et_block_column et_pb_css_mix_blend_mode_passthrough\">\n<div class=\"et_pb_text_7 et_pb_text et_pb_bg_layout_light et_pb_module et_block_module preset--module--divi-text--default\"><div class=\"et_pb_text_inner\"><p>Kontakt aufnehmen: Rufen Sie uns an oder senden Sie eine Nachricht \u2013 wir sind bereit, Ihnen zu helfen.<\/p>\n<\/div><\/div>\n<\/div>\n<\/div>\n\n<div class=\"et_pb_row_9 et_pb_row et_block_row\">\n<div class=\"et_pb_column_17 et_pb_column et_pb_column_1_3 et_block_column et_pb_css_mix_blend_mode_passthrough\">\n<div class=\"et_pb_heading_10 et_pb_heading et_pb_module et_block_module ai_ignore_all preset--module--divi-heading--8c21dae4-c59d-4c2b-958c-0e045c7f06d6\"><div class=\"et_pb_heading_container\"><h4 class=\"et_pb_module_header\">Step 2<\/h4><\/div><\/div>\n<\/div>\n\n<div class=\"et_pb_column_18 et_pb_column et_pb_column_2_3 et-last-child et_block_column et_pb_css_mix_blend_mode_passthrough\">\n<div class=\"et_pb_text_8 et_pb_text et_pb_bg_layout_light et_pb_module et_block_module preset--module--divi-text--default\"><div class=\"et_pb_text_inner\"><p>Beratungsgespr\u00e4ch: Wir besprechen Ihre Bed\u00fcrfnisse und finden gemeinsam die beste L\u00f6sung.<\/p>\n<\/div><\/div>\n<\/div>\n<\/div>\n\n<div class=\"et_pb_row_10 et_pb_row et_block_row\">\n<div class=\"et_pb_column_19 et_pb_column et_pb_column_1_3 et_block_column et_pb_css_mix_blend_mode_passthrough\">\n<div class=\"et_pb_heading_11 et_pb_heading et_pb_module et_block_module ai_ignore_all preset--module--divi-heading--8c21dae4-c59d-4c2b-958c-0e045c7f06d6\"><div class=\"et_pb_heading_container\"><h4 class=\"et_pb_module_header\">Step 3<\/h4><\/div><\/div>\n<\/div>\n\n<div class=\"et_pb_column_20 et_pb_column et_pb_column_2_3 et-last-child et_block_column et_pb_css_mix_blend_mode_passthrough\">\n<div class=\"et_pb_text_9 et_pb_text et_pb_bg_layout_light et_pb_module et_block_module preset--module--divi-text--default\"><div class=\"et_pb_text_inner\"><p>Umsetzung: Unsere Experten kommen zu Ihnen oder helfen online, um Ihre technischen Herausforderungen zu meistern.<\/p>\n<\/div><\/div>\n<\/div>\n<\/div>\n\n<div class=\"et_pb_row_11 et_pb_row et_block_row\">\n<div class=\"et_pb_column_21 et_pb_column et_pb_column_4_4 et-last-child et_block_column et_pb_css_mix_blend_mode_passthrough\">\n<div class=\"et_pb_module et_pb_button_module_wrapper et_pb_button_5_wrapper preset--module--divi-button--default_wrapper\"><a class=\"et_pb_button_5 et_pb_button et_pb_bg_layout_light et_pb_module et_block_module preset--module--divi-button--default\" href=\"\">Erfahren Sie mehr<\/a><\/div>\n<\/div>\n<\/div>\n<\/div>\n\n<div class=\"et_pb_section_4 et_pb_section et_section_regular et_block_section\">\n<div class=\"et_pb_row_12 et_pb_row et_block_row preset--module--divi-row--5138c454-be54-4233-bd3b-f8e6a8747976\">\n<div class=\"et_pb_column_22 et_pb_column et_pb_column_4_4 et-last-child et_block_column et_pb_css_mix_blend_mode_passthrough preset--module--divi-column--73121f80-a3ef-4484-8763-c3f18e3c56d2\">\n<div class=\"et_pb_slider_0 et_pb_slider et_pb_slider_fullwidth_off et_pb_module et_block_module preset--module--divi-slider--a0d0e114-2915-4078-81e1-4574521ea79b\"><div class=\"et_pb_slides\">\n<div class=\"et_pb_slide_0 et_pb_slide et_pb_media_alignment_center et_pb_bg_layout_dark et_pb_text_align_center\" data-slide-id=\"divi\/slide-0\"><div class=\"et_pb_container\"><div class=\"et_pb_slider_container_inner\"><div class=\"et_pb_slide_description\"><div class=\"et_pb_slide_content\"><h2>Herr M\u00fcller (Vor-Ort-Service)<\/h2>\n<\/div><\/div><\/div><\/div><\/div>\n\n<div class=\"et_pb_slide_1 et_pb_slide et_pb_media_alignment_center et_pb_bg_layout_dark et_pb_text_align_center\" data-slide-id=\"divi\/slide-1\"><div class=\"et_pb_container\"><div class=\"et_pb_slider_container_inner\"><div class=\"et_pb_slide_description\"><div class=\"et_pb_slide_content\"><h2>Herr Hafner (Fernwartung)<\/h2>\n<\/div><\/div><\/div><\/div><\/div>\n\n<div class=\"et_pb_slide_2 et_pb_slide et_pb_media_alignment_center et_pb_bg_layout_dark et_pb_text_align_center\" data-slide-id=\"divi\/slide-2\"><div class=\"et_pb_container\"><div class=\"et_pb_slider_container_inner\"><div class=\"et_pb_slide_description\"><div class=\"et_pb_slide_content\"><h2>Frau Ackermann (Financial Service)<\/h2>\n<\/div><\/div><\/div><\/div><\/div>\n\n<div class=\"et_pb_slide_3 et_pb_slide et_pb_slide_with_image et_pb_media_alignment_center et_pb_bg_layout_dark et_pb_text_align_center\" data-slide-id=\"divi\/slide-3\"><div class=\"et_pb_container\"><div class=\"et_pb_slider_container_inner\"><div class=\"et_pb_slide_image\"><img loading=\"lazy\" decoding=\"async\" src=\"https:\/\/seniorenberatung.it\/wpsit\/wp-content\/uploads\/2026\/03\/agenten-nebeneinander.png\" width=\"760\" height=\"282\" srcset=\"https:\/\/seniorenberatung.it\/wpsit\/wp-content\/uploads\/2026\/03\/agenten-nebeneinander.png 760w, https:\/\/seniorenberatung.it\/wpsit\/wp-content\/uploads\/2026\/03\/agenten-nebeneinander-480x178.png 480w\" sizes=\"(min-width: 0px) and (max-width: 480px) 480px, (min-width: 481px) 760px, 100vw\" class=\"wp-image-177\" title=\"agenten-nebeneinander\" \/><\/div><div class=\"et_pb_slide_description\"><div class=\"et_pb_slide_content\"><h3>Unsere k\u00fcnstliche Intelligenz:<br \/>KI-Agentin Maria und KI-Agent Max<br \/>sind jederzeit f\u00fcr Sie erreichbar<\/h3>\n<\/div><\/div><\/div><\/div><\/div>\n<\/div><\/div>\n<\/div>\n<\/div>\n<\/div>\n\n<div class=\"et_pb_section_5 et_pb_section et_section_regular et_block_section\">\n<div class=\"et_pb_row_13 et_pb_row et_block_row preset--module--divi-row--5138c454-be54-4233-bd3b-f8e6a8747976\">\n<div class=\"et_pb_column_23 et_pb_column et_pb_column_4_4 et-last-child et_block_column et_pb_css_mix_blend_mode_passthrough preset--module--divi-column--73121f80-a3ef-4484-8763-c3f18e3c56d2\">\n<div class=\"et_pb_heading_12 et_pb_heading et_pb_module et_block_module preset--module--divi-heading--ddeb8c09-9078-4424-bc15-2efb6572e28e\"><div class=\"et_pb_heading_container\"><h1 class=\"et_pb_module_header\">Bereit f\u00fcr Ihre digitale Reise?<\/h1><\/div><\/div>\n\n<div class=\"et_pb_module et_pb_button_module_wrapper et_pb_button_6_wrapper preset--module--divi-button--ab15fb74-61a3-43aa-96b3-41e09aeef654_wrapper\"><a class=\"et_pb_button_6 et_pb_button et_pb_bg_layout_light et_pb_module et_block_module preset--module--divi-button--ab15fb74-61a3-43aa-96b3-41e09aeef654\" href=\"\">Kostenlosen Termin vereinbaren<\/a><\/div>\n<\/div>\n<\/div>\n<\/div>","protected":false},"excerpt":{"rendered":"","protected":false},"author":1,"featured_media":0,"parent":0,"menu_order":0,"comment_status":"closed","ping_status":"closed","template":"","meta":{"footnotes":""},"class_list":["post-12","page","type-page","status-publish","hentry"],"_links":{"self":[{"href":"https:\/\/seniorenberatung.it\/wpsit\/wp-json\/wp\/v2\/pages\/12","targetHints":{"allow":["GET"]}}],"collection":[{"href":"https:\/\/seniorenberatung.it\/wpsit\/wp-json\/wp\/v2\/pages"}],"about":[{"href":"https:\/\/seniorenberatung.it\/wpsit\/wp-json\/wp\/v2\/types\/page"}],"author":[{"embeddable":true,"href":"https:\/\/seniorenberatung.it\/wpsit\/wp-json\/wp\/v2\/users\/1"}],"replies":[{"embeddable":true,"href":"https:\/\/seniorenberatung.it\/wpsit\/wp-json\/wp\/v2\/comments?post=12"}],"version-history":[{"count":42,"href":"https:\/\/seniorenberatung.it\/wpsit\/wp-json\/wp\/v2\/pages\/12\/revisions"}],"predecessor-version":[{"id":239,"href":"https:\/\/seniorenberatung.it\/wpsit\/wp-json\/wp\/v2\/pages\/12\/revisions\/239"}],"wp:attachment":[{"href":"https:\/\/seniorenberatung.it\/wpsit\/wp-json\/wp\/v2\/media?parent=12"}],"curies":[{"name":"wp","href":"https:\/\/api.w.org\/{rel}","templated":true}]}}